{"id":345,"date":"2019-08-14T07:58:36","date_gmt":"2019-08-14T07:58:36","guid":{"rendered":"https:\/\/kabiahaurreskola.eus\/contacto\/"},"modified":"2021-10-05T12:01:39","modified_gmt":"2021-10-05T12:01:39","slug":"contacto","status":"publish","type":"page","link":"https:\/\/kabiahaurreskola.eus\/eu\/contacto\/","title":{"rendered":"Contacto"},"content":{"rendered":"\t\t<div data-elementor-type=\"wp-post\" data-elementor-id=\"345\" class=\"elementor elementor-345\">\n\t\t\t\t\t\t<div class=\"elementor-inner\">\n\t\t\t\t<div class=\"elementor-section-wrap\">\n\t\t\t\t\t\t\t\t\t<section class=\"elementor-section elementor-top-section elementor-element elementor-element-13f1892 elementor-section-stretched elementor-section-full_width elementor-section-height-default elementor-section-height-default\" data-id=\"13f1892\" data-element_type=\"section\" data-settings=\"{&quot;stretch_section&quot;:&quot;section-stretched&quot;}\">\n\t\t\t\t\t\t<div class=\"elementor-container elementor-column-gap-default\">\n\t\t\t\t\t\t\t<div class=\"elementor-row\">\n\t\t\t\t\t<div class=\"elementor-column elementor-col-100 elementor-top-column elementor-element elementor-element-16ce8a6\" data-id=\"16ce8a6\" data-element_type=\"column\">\n\t\t\t<div class=\"elementor-column-wrap elementor-element-populated\">\n\t\t\t\t\t\t\t<div class=\"elementor-widget-wrap\">\n\t\t\t\t\t\t<div class=\"elementor-element elementor-element-7fcf4d2 elementor-widget elementor-widget-google_maps\" data-id=\"7fcf4d2\" data-element_type=\"widget\" data-widget_type=\"google_maps.default\">\n\t\t\t\t<div class=\"elementor-widget-container\">\n\t\t\t\t\t<div class=\"elementor-custom-embed\">\n\t\t\t<iframe frameborder=\"0\" scrolling=\"no\" marginheight=\"0\" marginwidth=\"0\"\n\t\t\t\t\tsrc=\"https:\/\/maps.google.com\/maps?q=Pablo%20Sarasate%20Kalea%2C%201%2C%20San%20Sebasti%C3%A1n&#038;t=m&#038;z=17&#038;output=embed&#038;iwloc=near\"\n\t\t\t\t\ttitle=\"Pablo Sarasate Kalea, 1, San Sebasti\u00e1n\"\n\t\t\t\t\taria-label=\"Pablo Sarasate Kalea, 1, San Sebasti\u00e1n\"\n\t\t\t><\/iframe>\n\t\t<\/div>\n\t\t\t\t<\/div>\n\t\t\t\t<\/div>\n\t\t\t\t\t\t<\/div>\n\t\t\t\t\t<\/div>\n\t\t<\/div>\n\t\t\t\t\t\t\t\t<\/div>\n\t\t\t\t\t<\/div>\n\t\t<\/section>\n\t\t\t\t<section class=\"elementor-section elementor-top-section elementor-element elementor-element-19044ee elementor-section-boxed elementor-section-height-default elementor-section-height-default\" data-id=\"19044ee\" data-element_type=\"section\">\n\t\t\t\t\t\t<div class=\"elementor-container elementor-column-gap-default\">\n\t\t\t\t\t\t\t<div class=\"elementor-row\">\n\t\t\t\t\t<div class=\"elementor-column elementor-col-50 elementor-top-column elementor-element elementor-element-f1a79d3\" data-id=\"f1a79d3\" data-element_type=\"column\">\n\t\t\t<div class=\"elementor-column-wrap elementor-element-populated\">\n\t\t\t\t\t\t\t<div class=\"elementor-widget-wrap\">\n\t\t\t\t\t\t<div class=\"elementor-element elementor-element-2600728 elementor-widget elementor-widget-heading\" data-id=\"2600728\" data-element_type=\"widget\" data-widget_type=\"heading.default\">\n\t\t\t\t<div class=\"elementor-widget-container\">\n\t\t\t<h1 class=\"elementor-heading-title elementor-size-xl\">\n\n\u00bfQuieres hablar con nosotras de la educaci\u00f3n de tus hijxs? Ll\u00e1manos, escribe o ven a vernos y hablamos.\n<\/h1>\t\t<\/div>\n\t\t\t\t<\/div>\n\t\t\t\t\t\t<\/div>\n\t\t\t\t\t<\/div>\n\t\t<\/div>\n\t\t\t\t<div class=\"elementor-column elementor-col-50 elementor-top-column elementor-element elementor-element-6ac88ae\" data-id=\"6ac88ae\" data-element_type=\"column\">\n\t\t\t<div class=\"elementor-column-wrap\">\n\t\t\t\t\t\t\t<div class=\"elementor-widget-wrap\">\n\t\t\t\t\t\t\t\t<\/div>\n\t\t\t\t\t<\/div>\n\t\t<\/div>\n\t\t\t\t\t\t\t\t<\/div>\n\t\t\t\t\t<\/div>\n\t\t<\/section>\n\t\t\t\t<section class=\"elementor-section elementor-top-section elementor-element elementor-element-9c98b34 elementor-section-boxed elementor-section-height-default elementor-section-height-default\" data-id=\"9c98b34\" data-element_type=\"section\">\n\t\t\t\t\t\t<div class=\"elementor-container elementor-column-gap-wider\">\n\t\t\t\t\t\t\t<div class=\"elementor-row\">\n\t\t\t\t\t<div class=\"elementor-column elementor-col-50 elementor-top-column elementor-element elementor-element-b4aa6d0\" data-id=\"b4aa6d0\" data-element_type=\"column\">\n\t\t\t<div class=\"elementor-column-wrap elementor-element-populated\">\n\t\t\t\t\t\t\t<div class=\"elementor-widget-wrap\">\n\t\t\t\t\t\t<div class=\"elementor-element elementor-element-ec23f5b elementor-widget elementor-widget-text-editor\" data-id=\"ec23f5b\" data-element_type=\"widget\" data-widget_type=\"text-editor.default\">\n\t\t\t\t<div class=\"elementor-widget-container\">\n\t\t\t\t\t\t\t\t<div class=\"elementor-text-editor elementor-clearfix\">\n\t\t\t\t<h2><strong>Correo<br \/><\/strong><a href=\"mailto:info@kabiahaurreskola.eus\">info@kabiahaurreskola.eus<\/a><\/h2><h2><strong>Tel\u00e9fono<\/strong><br \/>625 556 981<\/h2><h2><strong>Direcci\u00f3n<\/strong><br \/>Pablo Sarasate kalea 1,Riberas de Loiola. 20014 San Sebasti\u00e1n<\/h2>\t\t\t\t\t<\/div>\n\t\t\t\t\t\t<\/div>\n\t\t\t\t<\/div>\n\t\t\t\t\t\t<\/div>\n\t\t\t\t\t<\/div>\n\t\t<\/div>\n\t\t\t\t<div class=\"elementor-column elementor-col-50 elementor-top-column elementor-element elementor-element-ce641a3\" data-id=\"ce641a3\" data-element_type=\"column\">\n\t\t\t<div class=\"elementor-column-wrap elementor-element-populated\">\n\t\t\t\t\t\t\t<div class=\"elementor-widget-wrap\">\n\t\t\t\t\t\t<div class=\"elementor-element elementor-element-ade85d2 elementor-widget elementor-widget-shortcode\" data-id=\"ade85d2\" data-element_type=\"widget\" data-widget_type=\"shortcode.default\">\n\t\t\t\t<div class=\"elementor-widget-container\">\n\t\t\t\t\t<div class=\"elementor-shortcode\"><div role=\"form\" class=\"wpcf7\" id=\"wpcf7-f37-o1\" lang=\"es-ES\" dir=\"ltr\">\n<div class=\"screen-reader-response\"><p role=\"status\" aria-live=\"polite\" aria-atomic=\"true\"><\/p> <ul><\/ul><\/div>\n<form action=\"\/eu\/wp-json\/wp\/v2\/pages\/345#wpcf7-f37-o1\" method=\"post\" class=\"wpcf7-form init\" novalidate=\"novalidate\" data-status=\"init\">\n<div style=\"display: none;\">\n<input type=\"hidden\" name=\"_wpcf7\" value=\"37\" \/>\n<input type=\"hidden\" name=\"_wpcf7_version\" value=\"5.3.2\" \/>\n<input type=\"hidden\" name=\"_wpcf7_locale\" value=\"es_ES\" \/>\n<input type=\"hidden\" name=\"_wpcf7_unit_tag\" value=\"wpcf7-f37-o1\" \/>\n<input type=\"hidden\" name=\"_wpcf7_container_post\" value=\"0\" \/>\n<input type=\"hidden\" name=\"_wpcf7_posted_data_hash\" value=\"\" \/>\n<input type=\"hidden\" name=\"_wpcf7_recaptcha_response\" value=\"\" \/>\n<\/div>\n<p><label> Tu nombre (requerido)<br \/>\n    <span class=\"wpcf7-form-control-wrap your-name\"><input type=\"text\" name=\"your-name\" value=\"\" size=\"40\" class=\"wpcf7-form-control wpcf7-text wpcf7-validates-as-required\" aria-required=\"true\" aria-invalid=\"false\" \/><\/span> <\/label><\/p>\n<p><label> Tu correo electr\u00f3nico (requerido)<br \/>\n    <span class=\"wpcf7-form-control-wrap your-email\"><input type=\"email\" name=\"your-email\" value=\"\" size=\"40\" class=\"wpcf7-form-control wpcf7-text wpcf7-email wpcf7-validates-as-required wpcf7-validates-as-email\" aria-required=\"true\" aria-invalid=\"false\" \/><\/span> <\/label><\/p>\n<p><label> Asunto<br \/>\n    <span class=\"wpcf7-form-control-wrap your-subject\"><input type=\"text\" name=\"your-subject\" value=\"\" size=\"40\" class=\"wpcf7-form-control wpcf7-text\" aria-invalid=\"false\" \/><\/span> <\/label><\/p>\n<p><label> Tu mensaje<br \/>\n    <span class=\"wpcf7-form-control-wrap your-message\"><textarea name=\"your-message\" cols=\"40\" rows=\"10\" class=\"wpcf7-form-control wpcf7-textarea\" aria-invalid=\"false\"><\/textarea><\/span> <\/label><\/p>\n<p style=\"font-size:11px\">KABIA HAURRESKOLA, S.L., como responsable del tratamiento, le informa que sus datos son recabados con la finalidad de: Recoger los datos de car\u00e1cter personal que sean obtenidos a trav\u00e9s de los formularios de contacto disponibles en la p\u00e1gina web de la empresa para atender las consultas realizadas. La base jur\u00eddica para el tratamiento es el consentimiento del interesado. Sus datos no se ceder\u00e1n  a terceros salvo obligaci\u00f3n legal. Cualquier persona tiene  derecho  a solicitar  el  acceso, rectificaci\u00f3n, supresi\u00f3n, limitaci\u00f3n del tratamiento, oposici\u00f3n o derecho a la portabilidad de sus datos personales, escribi\u00e9ndonos a la direcci\u00f3n de nuestras oficinas, o enviando un correo electr\u00f3nico a info@kabiahaurreskola.eus,   indicando   el   derecho   que   desea   ejercer.   Puede   obtener   informaci\u00f3n adicional en la pol\u00edtica de privacidad de nuestra p\u00e1gina web: https:\/\/kabiahaurreskola.eus\/.<\/p>\n<p><span class=\"wpcf7-form-control-wrap acceptance-182\"><span class=\"wpcf7-form-control wpcf7-acceptance\"><span class=\"wpcf7-list-item\"><label><input type=\"checkbox\" name=\"acceptance-182\" value=\"1\" aria-invalid=\"false\" \/><span class=\"wpcf7-list-item-label\">He le\u00eddo y acepto la pol\u00edtica de privacidad<\/span><\/label><\/span><\/span><\/span><\/p>\n<p><input type=\"submit\" value=\"Enviar\" class=\"wpcf7-form-control wpcf7-submit\" \/><\/p>\n<div class=\"wpcf7-response-output\" aria-hidden=\"true\"><\/div><\/form><\/div>\n<\/div>\n\t\t\t\t<\/div>\n\t\t\t\t<\/div>\n\t\t\t\t\t\t<\/div>\n\t\t\t\t\t<\/div>\n\t\t<\/div>\n\t\t\t\t\t\t\t\t<\/div>\n\t\t\t\t\t<\/div>\n\t\t<\/section>\n\t\t\t\t\t\t\t\t\t<\/div>\n\t\t\t<\/div>\n\t\t\t\t\t<\/div>\n\t\t","protected":false},"excerpt":{"rendered":"<p>\u00bfQuieres hablar con nosotras de la educaci\u00f3n de tus hijxs? Ll\u00e1manos, escribe o ven a vernos y hablamos. Correoinfo@kabiahaurreskola.eus Tel\u00e9fono625 556 981 Direcci\u00f3nPablo Sarasate kalea 1,Riberas de Loiola. 20014 San Sebasti\u00e1n<\/p>\n","protected":false},"author":1,"featured_media":0,"parent":0,"menu_order":0,"comment_status":"closed","ping_status":"closed","template":"","meta":{"_mi_skip_tracking":false,"site-sidebar-layout":"default","site-content-layout":"default","ast-global-header-display":"","ast-main-header-display":"","ast-hfb-above-header-display":"","ast-hfb-below-header-display":"","ast-hfb-mobile-header-display":"","site-post-title":"disabled","ast-breadcrumbs-content":"","ast-featured-img":"disabled","footer-sml-layout":"","theme-transparent-header-meta":"default","adv-header-id-meta":"","stick-header-meta":"","header-above-stick-meta":"","header-main-stick-meta":"","header-below-stick-meta":""},"yoast_head":"<!-- This site is optimized with the Yoast SEO plugin v18.2 - https:\/\/yoast.com\/wordpress\/plugins\/seo\/ -->\n<title>Contacto - Kabia Haur Eskola<\/title>\n<meta name=\"description\" content=\"\u00bfQuieres hablar de la educaci\u00f3n de tus hijos? Nosotros tambi\u00e9n. Ll\u00e1manos, escribe o ven a vernos y hablamos.\" \/>\n<meta name=\"robots\" content=\"index, follow, max-snippet:-1, max-image-preview:large, max-video-preview:-1\" \/>\n<link rel=\"canonical\" href=\"https:\/\/kabiahaurreskola.eus\/eu\/contacto\/\" \/>\n<meta property=\"og:locale\" content=\"eu_ES\" \/>\n<meta property=\"og:type\" content=\"article\" \/>\n<meta property=\"og:title\" content=\"Contacto - Kabia Haur Eskola\" \/>\n<meta property=\"og:description\" content=\"\u00bfQuieres hablar de la educaci\u00f3n de tus hijos? Nosotros tambi\u00e9n. Ll\u00e1manos, escribe o ven a vernos y hablamos.\" \/>\n<meta property=\"og:url\" content=\"https:\/\/kabiahaurreskola.eus\/eu\/contacto\/\" \/>\n<meta property=\"og:site_name\" content=\"Kabia Haur Eskola\" \/>\n<meta property=\"article:modified_time\" content=\"2021-10-05T12:01:39+00:00\" \/>\n<meta name=\"twitter:card\" content=\"summary_large_image\" \/>\n<script type=\"application\/ld+json\" class=\"yoast-schema-graph\">{\"@context\":\"https:\/\/schema.org\",\"@graph\":[{\"@type\":\"WebSite\",\"@id\":\"https:\/\/kabiahaurreskola.eus\/#website\",\"url\":\"https:\/\/kabiahaurreskola.eus\/\",\"name\":\"Kabia Haur Eskola\",\"description\":\"Donostiako haur eskola berria\",\"potentialAction\":[{\"@type\":\"SearchAction\",\"target\":{\"@type\":\"EntryPoint\",\"urlTemplate\":\"https:\/\/kabiahaurreskola.eus\/?s={search_term_string}\"},\"query-input\":\"required name=search_term_string\"}],\"inLanguage\":\"eu-ES\"},{\"@type\":\"WebPage\",\"@id\":\"https:\/\/kabiahaurreskola.eus\/eu\/contacto\/#webpage\",\"url\":\"https:\/\/kabiahaurreskola.eus\/eu\/contacto\/\",\"name\":\"Contacto - Kabia Haur Eskola\",\"isPartOf\":{\"@id\":\"https:\/\/kabiahaurreskola.eus\/#website\"},\"datePublished\":\"2019-08-14T07:58:36+00:00\",\"dateModified\":\"2021-10-05T12:01:39+00:00\",\"description\":\"\u00bfQuieres hablar de la educaci\u00f3n de tus hijos? Nosotros tambi\u00e9n. Ll\u00e1manos, escribe o ven a vernos y hablamos.\",\"breadcrumb\":{\"@id\":\"https:\/\/kabiahaurreskola.eus\/eu\/contacto\/#breadcrumb\"},\"inLanguage\":\"eu-ES\",\"potentialAction\":[{\"@type\":\"ReadAction\",\"target\":[\"https:\/\/kabiahaurreskola.eus\/eu\/contacto\/\"]}]},{\"@type\":\"BreadcrumbList\",\"@id\":\"https:\/\/kabiahaurreskola.eus\/eu\/contacto\/#breadcrumb\",\"itemListElement\":[{\"@type\":\"ListItem\",\"position\":1,\"name\":\"Portada\",\"item\":\"https:\/\/kabiahaurreskola.eus\/eu\/\"},{\"@type\":\"ListItem\",\"position\":2,\"name\":\"Contacto\"}]}]}<\/script>\n<!-- \/ Yoast SEO plugin. -->","yoast_head_json":{"title":"Contacto - Kabia Haur Eskola","description":"\u00bfQuieres hablar de la educaci\u00f3n de tus hijos? Nosotros tambi\u00e9n. Ll\u00e1manos, escribe o ven a vernos y hablamos.","robots":{"index":"index","follow":"follow","max-snippet":"max-snippet:-1","max-image-preview":"max-image-preview:large","max-video-preview":"max-video-preview:-1"},"canonical":"https:\/\/kabiahaurreskola.eus\/eu\/contacto\/","og_locale":"eu_ES","og_type":"article","og_title":"Contacto - Kabia Haur Eskola","og_description":"\u00bfQuieres hablar de la educaci\u00f3n de tus hijos? Nosotros tambi\u00e9n. Ll\u00e1manos, escribe o ven a vernos y hablamos.","og_url":"https:\/\/kabiahaurreskola.eus\/eu\/contacto\/","og_site_name":"Kabia Haur Eskola","article_modified_time":"2021-10-05T12:01:39+00:00","twitter_card":"summary_large_image","schema":{"@context":"https:\/\/schema.org","@graph":[{"@type":"WebSite","@id":"https:\/\/kabiahaurreskola.eus\/#website","url":"https:\/\/kabiahaurreskola.eus\/","name":"Kabia Haur Eskola","description":"Donostiako haur eskola berria","potentialAction":[{"@type":"SearchAction","target":{"@type":"EntryPoint","urlTemplate":"https:\/\/kabiahaurreskola.eus\/?s={search_term_string}"},"query-input":"required name=search_term_string"}],"inLanguage":"eu-ES"},{"@type":"WebPage","@id":"https:\/\/kabiahaurreskola.eus\/eu\/contacto\/#webpage","url":"https:\/\/kabiahaurreskola.eus\/eu\/contacto\/","name":"Contacto - Kabia Haur Eskola","isPartOf":{"@id":"https:\/\/kabiahaurreskola.eus\/#website"},"datePublished":"2019-08-14T07:58:36+00:00","dateModified":"2021-10-05T12:01:39+00:00","description":"\u00bfQuieres hablar de la educaci\u00f3n de tus hijos? Nosotros tambi\u00e9n. Ll\u00e1manos, escribe o ven a vernos y hablamos.","breadcrumb":{"@id":"https:\/\/kabiahaurreskola.eus\/eu\/contacto\/#breadcrumb"},"inLanguage":"eu-ES","potentialAction":[{"@type":"ReadAction","target":["https:\/\/kabiahaurreskola.eus\/eu\/contacto\/"]}]},{"@type":"BreadcrumbList","@id":"https:\/\/kabiahaurreskola.eus\/eu\/contacto\/#breadcrumb","itemListElement":[{"@type":"ListItem","position":1,"name":"Portada","item":"https:\/\/kabiahaurreskola.eus\/eu\/"},{"@type":"ListItem","position":2,"name":"Contacto"}]}]}},"_links":{"self":[{"href":"https:\/\/kabiahaurreskola.eus\/eu\/wp-json\/wp\/v2\/pages\/345"}],"collection":[{"href":"https:\/\/kabiahaurreskola.eus\/eu\/wp-json\/wp\/v2\/pages"}],"about":[{"href":"https:\/\/kabiahaurreskola.eus\/eu\/wp-json\/wp\/v2\/types\/page"}],"author":[{"embeddable":true,"href":"https:\/\/kabiahaurreskola.eus\/eu\/wp-json\/wp\/v2\/users\/1"}],"replies":[{"embeddable":true,"href":"https:\/\/kabiahaurreskola.eus\/eu\/wp-json\/wp\/v2\/comments?post=345"}],"version-history":[{"count":7,"href":"https:\/\/kabiahaurreskola.eus\/eu\/wp-json\/wp\/v2\/pages\/345\/revisions"}],"predecessor-version":[{"id":525,"href":"https:\/\/kabiahaurreskola.eus\/eu\/wp-json\/wp\/v2\/pages\/345\/revisions\/525"}],"wp:attachment":[{"href":"https:\/\/kabiahaurreskola.eus\/eu\/wp-json\/wp\/v2\/media?parent=345"}],"curies":[{"name":"wp","href":"https:\/\/api.w.org\/{rel}","templated":true}]}}